{"id":9,"date":"2015-12-13T15:32:03","date_gmt":"2015-12-13T14:32:03","guid":{"rendered":"http:\/\/ferienhaus-krueger-templin.de\/new\/wp\/?page_id=9"},"modified":"2024-11-14T18:57:15","modified_gmt":"2024-11-14T17:57:15","slug":"startseite","status":"publish","type":"page","link":"https:\/\/ferienhaus-krueger-templin.de\/new\/wp\/","title":{"rendered":"Startseite"},"content":{"rendered":"<h2>Willkommen auf der Website Ferienhaus Kr\u00fcger Templin<\/h2>\n<p>Willkommen auf der offiziellen Website des Ferienhauses Kr\u00fcger in Templin! Genie\u00dfen Sie Ihren Aufenthalt in unserem gem\u00fctlichen und modern eingerichteten Ferienhaus, umgeben von der idyllischen Landschaft der Uckermark. Unser Haus bietet Platz f\u00fcr bis zu 8 Personen (gro\u00dfes Ferienhaus bis zu 6 Personen, optional mit Bungalow f\u00fcr 2 weitere Personen) und ist ideal f\u00fcr Familien und Gruppen, die Ruhe und Erholung suchen.<\/p>\n<div class=\"su-row\"><div class=\"su-column su-column-size-1-2\"><div class=\"su-column-inner su-u-clearfix su-u-trim\">\n<div id=\"lage\" style=\"text-align: center; font-size: 150%; color: #fa4a23; background-color: #f7f7f7; padding: 3%; margin: 1%; -webkit-box-shadow: 0px 0px 17px -1px rgba(0,0,0,0.75); -moz-box-shadow: 0px 0px 17px -1px rgba(0,0,0,0.75); box-shadow: 0px 0px 17px -1px rgba(0,0,0,0.75); border-radius: 5px 5px 5px 5px; -moz-border-radius: 5px 5px 5px 5px; -webkit-border-radius: 5px 5px 5px 5px; border: 0px solid #000000;\"><i class=\"fa fa-map-marker fa-5x\"><\/i><br \/>\n<strong>Exklusive Lage<\/strong><\/p>\n<div class=\"su-row\">\n<div class=\"su-column su-column-size-1-4\"><i class=\"fa fa-bus fa-2x\"><\/i><br \/>\nBus in 100m Entfernung<\/div>\n<div class=\"su-column su-column-size-1-4\"><i class=\"fa fa-leaf fa-2x\"><\/i><br \/>\nRuhige Wohngegend<\/div>\n<div class=\"su-column su-column-size-1-4\"><i class=\"fa fa-tint fa-2x\"><\/i><br \/>\nNahe am L\u00fcbbesee<\/div>\n<div class=\"su-column su-column-size-1-4\"><i class=\"fa fa-university fa-2x\"><\/i><br \/>\nIn der Stadt Templin<\/div>\n<\/div>\n<div class=\"su-accordion su-u-trim\">\n<div class=\"su-spoiler su-spoiler-style-fancy su-spoiler-icon-plus su-spoiler-closed\" data-scroll-offset=\"0\" data-anchor-in-url=\"no\"><div class=\"su-spoiler-title\" tabindex=\"0\" role=\"button\"><span class=\"su-spoiler-icon\"><\/span>Karte anzeigen<\/div><div class=\"su-spoiler-content su-u-clearfix su-u-trim\"><iframe loading=\"lazy\" style=\"border: 0;\" src=\"https:\/\/www.google.com\/maps\/embed?pb=!1m18!1m12!1m3!1d4789.911578978467!2d13.520626746974285!3d53.11098618750783!2m3!1f0!2f0!3f0!3m2!1i1024!2i768!4f13.1!3m3!1m2!1s0x47a99ce3974ac0a3%3A0xe8908ab1427c9a21!2sBlumenstra%C3%9Fe+8%2C+17268+Templin!5e0!3m2!1sde!2sde!4v1451576713117\" allowfullscreen=\"allowfullscreen\" width=\"100%\" height=\"450px\" frameborder=\"0\"><\/iframe><\/div><\/div>\n<\/div>\n<\/div>\n<\/div><\/div>\n<div class=\"su-column su-column-size-1-2\"><div class=\"su-column-inner su-u-clearfix su-u-trim\">\n<div id=\"preise\" style=\"text-align: center; font-size: 150%; color: #fa4a23; background-color: #f7f7f7; padding: 3%; margin: 1%; -webkit-box-shadow: 0px 0px 17px -1px rgba(0,0,0,0.75); -moz-box-shadow: 0px 0px 17px -1px rgba(0,0,0,0.75); box-shadow: 0px 0px 17px -1px rgba(0,0,0,0.75); border-radius: 5px 5px 5px 5px; -moz-border-radius: 5px 5px 5px 5px; -webkit-border-radius: 5px 5px 5px 5px; border: 0px solid #000000;\"><i class=\"fa fa-eur fa-5x fa-2x\"><\/i><br \/>\nPreise<\/p>\n<div class=\"su-row\" style=\"line-height: 1.5em;\">\n<div class=\"su-column su-column-size-1-2\"><i class=\"fa fa-users fa-2x\"><\/i><br \/>\n2 &#8211; 8 Personen<br \/>\n<strong>2 Personen: 140 \u20ac <\/strong><br \/>\nJede weitere Person<br \/>\n10 \u20ac \/ Nacht<br \/>\n<strong>7-8 Personen (extra Bungalow) 260 \u20ac<\/strong><\/div>\n<div class=\"su-column su-column-size-1-2\">\n\t<i class=\"fa fa-trash fa-2x\"><\/i><br \/>\nEndreinigung<br \/>\nFerienhaus 80 \u20ac<br \/>\nmit Bungalow 120 \u20ac<\/p>\n<p style=\"text-align:center;\">\n<i class=\"fa fa-paw fa-2x\"><\/i><br \/>\nHund auf Anfrage<br \/>\n10 \u20ac \/ Nacht<\/p>\n<\/div>\n<\/div>\n<div style=\"text-align: center;\">Kurtaxe: 2 \u20ac pro Person und Tag<\/div>\n<\/div><\/div><\/div>\n<\/div>\n<div class=\"su-row\">\n<div class=\"su-column su-column-size-1-1\"><div class=\"su-column-inner su-u-clearfix su-u-trim\">\n<div id=\"lage\" style=\"text-align: center; font-size: 150%; color: #fa4a23; background-color: #f7f7f7; padding: 3%; margin: 1%; -webkit-box-shadow: 0px 0px 17px -1px rgba(0,0,0,0.75); -moz-box-shadow: 0px 0px 17px -1px rgba(0,0,0,0.75); box-shadow: 0px 0px 17px -1px rgba(0,0,0,0.75); border-radius: 5px 5px 5px 5px; -moz-border-radius: 5px 5px 5px 5px; -webkit-border-radius: 5px 5px 5px 5px; border: 0px solid #000000;\"><strong style=\"color: #ffaf85; font-size: 150%;\"><i class=\"fa fa-home\"><\/i>7-8 Personen: mit Bungalow<\/strong><\/p>\n<div class=\"su-row\" style=\"line-height: 1.5em; text-align: justify;\">Reisen Sie mit 7-8 Personen, bieten wir einen voll ausgestatteten Bungalow neben dem Ferienhaus an. Dort k\u00f6nnen bis zu 2 Personen in einem Doppelbett und Schlafcouch \u00fcbernachten. Der Bungalow verf\u00fcgt \u00fcber eine Wohnk\u00fcche mit Fernseher, ein Bad mit Dusche und Toilette, sowie einen Au\u00dfenbereich mit Sitzgelegenheiten und Parkplatz.<\/div>\n<div class=\"su-row\">\n<img decoding=\"async\" class=\"size-medium wp-image-302\" src=\"http:\/\/ferienhaus-krueger-templin.de\/new\/wp\/wp-content\/uploads\/2024\/06\/IMG_8784-scaled.jpg\" alt=\"Bungalow\" style=\"padding-top: 20px; margin-bottom: -1.5em;\" width=\"40%\"><\/div>\n<\/div>\n<\/div><\/div><\/div>\n<div class=\"su-row\"><div class=\"su-column su-column-size-1-2\"><div class=\"su-column-inner su-u-clearfix su-u-trim\">\n<div style=\"background-color: #858585; line-height: 1.5; color: #f0f0f0; padding: 3%; -webkit-box-shadow: 0px 0px 17px -1px rgba(0,0,0,0.75); -moz-box-shadow: 0px 0px 17px -1px rgba(0,0,0,0.75); box-shadow: 0px 0px 17px -1px rgba(0,0,0,0.75); border-radius: 5px 5px 5px 5px; -moz-border-radius: 5px 5px 5px 5px; -webkit-border-radius: 5px 5px 5px 5px; border: 1px solid #666666;\"><strong style=\"color: #ffaf85; font-size: 150%;\"><i class=\"fa fa-home\"><\/i> Haus:<\/strong><br \/>\nca. 110qm Wohnfl\u00e4che, Fu\u00dfbodenheizung im gesamten Haus, Terrasse, Sonnenwiese, gro\u00dfes Trampolin, Grill- und Spielm\u00f6glichkeit drau\u00dfen.<\/p>\n<p><strong style=\"color: #ffaf85; font-size: 150%;\"><i class=\"fa fa-home\"><\/i> Bungalow:<\/strong><br \/>\nab 7 Personen mit extra Bungalow (Wohnk\u00fcche, Schlafzimmer, Bad, Au\u00dfenbereich). Ca. 60qm Wohnfl\u00e4che.<\/p>\n<\/div>\n<\/div><\/div>\n<div class=\"su-column su-column-size-1-2\"><div class=\"su-column-inner su-u-clearfix su-u-trim\">\n<div style=\"background-color: #858585; color: #f0f0f0; padding: 3%; -webkit-box-shadow: 0px 0px 17px -1px rgba(0,0,0,0.75); -moz-box-shadow: 0px 0px 17px -1px rgba(0,0,0,0.75); box-shadow: 0px 0px 17px -1px rgba(0,0,0,0.75); border-radius: 5px 5px 5px 5px; -moz-border-radius: 5px 5px 5px 5px; -webkit-border-radius: 5px 5px 5px 5px; border: 1px solid #666666; line-height: 1.5;\"><strong style=\"color: #ffaf85; font-size: 150%;\"><i class=\"fa fa-archive\"><\/i> Ausstattung:<\/strong><br \/>\n2 Fernseher, W-Lan, Kaminofen, Fu\u00dfbodenheizung, Nichtraucher, 1 Bad mit Dusche, 1 Bad mit Badewanne, Herd, Mikrowelle, Geschirrsp\u00fcler, Bettw\u00e4sche inklusive, kinderfreundlich<\/div>\n<\/div><\/div><\/div>\n<div class=\"su-row\"><div class=\"su-column su-column-size-1-2\"><div class=\"su-column-inner su-u-clearfix su-u-trim\">\n<div style=\"text-align: center; line-height: 1.5em; font-size: 150%; color: #fa4a23; background-color: #f7f7f7; padding: 3%; margin: 1%; -webkit-box-shadow: 0px 0px 17px -1px rgba(0,0,0,0.75); -moz-box-shadow: 0px 0px 17px -1px rgba(0,0,0,0.75); box-shadow: 0px 0px 17px -1px rgba(0,0,0,0.75); border-radius: 5px 5px 5px 5px; -moz-border-radius: 5px 5px 5px 5px; -webkit-border-radius: 5px 5px 5px 5px; border: 0px solid #000000;\">\n<p><img decoding=\"async\" class=\"size-medium wp-image-302\" src=\"http:\/\/ferienhaus-krueger-templin.de\/new\/wp\/wp-content\/uploads\/2016\/09\/DSC05758.jpg\" alt=\"Eingangsbereich\" width=\"100%\"><\/p>\n<h2 style=\"text-align: center;\">Hofauffahrt<\/h2>\n<\/div>\n<\/div><\/div>\n<div class=\"su-column su-column-size-1-2\"><div class=\"su-column-inner su-u-clearfix su-u-trim\">\n<div style=\"text-align: center; font-size: 150%; color: #fa4a23; background-color: #f7f7f7; padding: 3%; margin: 1%; -webkit-box-shadow: 0px 0px 17px -1px rgba(0,0,0,0.75); -moz-box-shadow: 0px 0px 17px -1px rgba(0,0,0,0.75); box-shadow: 0px 0px 17px -1px rgba(0,0,0,0.75); border-radius: 5px 5px 5px 5px; -moz-border-radius: 5px 5px 5px 5px; -webkit-border-radius: 5px 5px 5px 5px; border: 0px solid #000000;\">\n<p><img decoding=\"async\" class=\"size-medium wp-image-303\" src=\"http:\/\/ferienhaus-krueger-templin.de\/new\/wp\/wp-content\/uploads\/2016\/09\/DSC05759.jpg\" alt=\"Eingangsbereich\" width=\"100%\"><\/p>\n<h2 style=\"text-align: center;\">Eingangsbereich<\/h2>\n<\/div>\n<\/div><\/div><\/div>\n<div class=\"su-row\">\n<div class=\"su-column su-column-size-1-1\"><div class=\"su-column-inner su-u-clearfix su-u-trim\">\n<div style=\"text-align: justify; font-size: 120%; margin-top: 30px;\">\n<p>Entdecken Sie das Ferienhaus Kr\u00fcger Templin als Ihren idealen R\u00fcckzugsort in der malerischen Uckermark. Unser Haus bietet nicht nur eine komfortable Unterkunft, sondern auch eine Vielzahl von Annehmlichkeiten f\u00fcr Ihren erholsamen Urlaub. Genie\u00dfen Sie die Ruhe einer ruhigen Wohngegend, die N\u00e4he zum L\u00fcbbesee und die Bequemlichkeit einer Bushaltestelle nur 100 Meter entfernt.<\/p>\n<p>Unsere Unterkunft ist perfekt f\u00fcr Familien und Gruppen von bis zu 8 Personen geeignet. Der gro\u00dfz\u00fcgige Wohnbereich mit Fu\u00dfbodenheizung, die Sonnenwiese mit Grillm\u00f6glichkeiten, das gro\u00dfe Trampolin f\u00fcr die Kinder und die M\u00f6glichkeit, Ihren Hund mitzubringen, machen Ihren Aufenthalt bei uns besonders angenehm.<\/p>\n<p>Besuchen Sie die Stadt Templin, die mit ihren historischen Sehensw\u00fcrdigkeiten, gem\u00fctlichen Restaurants und vielf\u00e4ltigen Freizeitangeboten f\u00fcr jeden Geschmack etwas zu bieten hat. Planen Sie Ihren n\u00e4chsten Urlaub im Ferienhaus Kr\u00fcger und erleben Sie die Sch\u00f6nheit der Uckermark!<\/p>\n<p>F\u00fcr weitere Informationen zu Preisen, Verf\u00fcgbarkeit und Buchungsm\u00f6glichkeiten stehen wir Ihnen gerne zur Verf\u00fcgung. Kontaktieren Sie uns noch heute und sichern Sie sich Ihren Traumurlaub in Templin.<\/p>\n<p>Wir freuen uns darauf, Sie bald als unsere G\u00e4ste begr\u00fc\u00dfen zu d\u00fcrfen!<\/p>\n<\/div>\n<\/div><\/div><\/div>\n","protected":false},"excerpt":{"rendered":"<p>Willkommen auf der Website Ferienhaus Kr\u00fcger Templin Willkommen auf der offiziellen Website des Ferienhauses Kr\u00fcger in Templin! Genie\u00dfen Sie Ihren Aufenthalt in unserem gem\u00fctlichen und modern eingerichteten Ferienhaus, umgeben von der idyllischen Landschaft der Uckermark. Unser Haus bietet Platz f\u00fcr bis zu 8 Personen (gro\u00dfes Ferienhaus bis zu 6 Personen, optional mit Bungalow f\u00fcr 2<a href=\"https:\/\/ferienhaus-krueger-templin.de\/new\/wp\/\">[&#8230;]<\/a><\/p>\n","protected":false},"author":1,"featured_media":0,"parent":0,"menu_order":0,"comment_status":"closed","ping_status":"closed","template":"","meta":[],"aioseo_notices":[],"_links":{"self":[{"href":"https:\/\/ferienhaus-krueger-templin.de\/new\/wp\/wp-json\/wp\/v2\/pages\/9"}],"collection":[{"href":"https:\/\/ferienhaus-krueger-templin.de\/new\/wp\/wp-json\/wp\/v2\/pages"}],"about":[{"href":"https:\/\/ferienhaus-krueger-templin.de\/new\/wp\/wp-json\/wp\/v2\/types\/page"}],"author":[{"embeddable":true,"href":"https:\/\/ferienhaus-krueger-templin.de\/new\/wp\/wp-json\/wp\/v2\/users\/1"}],"replies":[{"embeddable":true,"href":"https:\/\/ferienhaus-krueger-templin.de\/new\/wp\/wp-json\/wp\/v2\/comments?post=9"}],"version-history":[{"count":256,"href":"https:\/\/ferienhaus-krueger-templin.de\/new\/wp\/wp-json\/wp\/v2\/pages\/9\/revisions"}],"predecessor-version":[{"id":615,"href":"https:\/\/ferienhaus-krueger-templin.de\/new\/wp\/wp-json\/wp\/v2\/pages\/9\/revisions\/615"}],"wp:attachment":[{"href":"https:\/\/ferienhaus-krueger-templin.de\/new\/wp\/wp-json\/wp\/v2\/media?parent=9"}],"curies":[{"name":"wp","href":"https:\/\/api.w.org\/{rel}","templated":true}]}}