{"id":33,"date":"2015-12-13T15:46:33","date_gmt":"2015-12-13T14:46:33","guid":{"rendered":"http:\/\/ferienhaus-krueger-templin.de\/new\/wp\/?page_id=33"},"modified":"2015-12-13T15:48:10","modified_gmt":"2015-12-13T14:48:10","slug":"gaestebuch","status":"publish","type":"page","link":"https:\/\/ferienhaus-krueger-templin.de\/new\/wp\/gaestebuch\/","title":{"rendered":"G\u00e4stebuch"},"content":{"rendered":"<p>Sie haben uns in letzter Zeit besucht? Bitte schreiben Sie einen kurzen Eintrag in unser G\u00e4stebuch und teilen Sie ihren Eindruck mit uns!<\/p>\n<div class=\"gwolle-gb\"><div class=\"gwolle_gb_messages_top_container\"><\/div>\n\t\t\t<div class=\"gwolle-gb-write-button\">\n\t\t\t\t<input type=\"button\" name=\"gwolle-gb-write-button\" class=\"button btn btn-default \" value=\"Neuen Eintrag schreiben\" \/>\n\t\t\t<\/div>\n\t\t\t<form action=\"#\" method=\"POST\" class=\"gwolle-gb-write gwolle-gb-hide gwolle-gb-float gwolle_gb_form_ajax gwolle-gb-form-ajax gwolle-gb-ajax gwolle-gb-not-logged-in\">\n\t\t\t\t<h3>Schreiben Sie einen Eintrag<\/h3>\n\t\t\t\t<button type=\"button\" class=\"gb-notice-dismiss\">x<span class=\"screen-reader-text\">Diese Formular ausblenden<\/span><\/button>\n\t\t\t\n\t\t\t\t<input type=\"hidden\" name=\"gwolle_gb_function\" class=\"gwolle_gb_function\" value=\"add_entry\" \/><input type=\"hidden\" name=\"gwolle_gb_book_id\" class=\"gwolle_gb_book_id\" value=\"1\" \/><div class=\"gwolle_gb_b623a420c3e76671ce0374dd964f3531\">\n\t\t\t\t<div class=\"label\"><label for=\"gwolle_gb_b623a420c3e76671ce0374dd964f3531\" class=\"text-info\">Name <span class=\"required\">*<\/span><\/label><\/div>\n\t\t\t\t<div class=\"input\"><input class=\"wp-exclude-emoji gwolle_gb_b623a420c3e76671ce0374dd964f3531\" value=\"\" type=\"text\" name=\"gwolle_gb_b623a420c3e76671ce0374dd964f3531\" required \/><\/div>\n\t\t\t\t<div class=\"clearBoth\">&nbsp;<\/div>\n\t\t\t<\/div><div class=\"gwolle_gb_d7120c4896a68247a9be4a804cd5ab51\">\n\t\t\t\t\t<div class=\"label\"><label for=\"gwolle_gb_d7120c4896a68247a9be4a804cd5ab51\" class=\"text-info\">Ort<\/label><\/div>\n\t\t\t\t\t<div class=\"input\"><input class=\"wp-exclude-emoji gwolle_gb_d7120c4896a68247a9be4a804cd5ab51\" value=\"\" type=\"text\" name=\"gwolle_gb_d7120c4896a68247a9be4a804cd5ab51\" \/><\/div>\n\t\t\t\t\t<div class=\"clearBoth\">&nbsp;<\/div>\n\t\t\t\t<\/div><div class=\"gwolle_gb_3782606bc29ecb71440d1e9299ed24f0\">\n\t\t\t\t<div class=\"label\"><label for=\"gwolle_gb_3782606bc29ecb71440d1e9299ed24f0\" class=\"text-info\">E-Mail <span class=\"required\">*<\/span><\/label><\/div>\n\t\t\t\t<div class=\"input\"><input class=\"gwolle_gb_3782606bc29ecb71440d1e9299ed24f0\" value=\"\" type=\"email\" name=\"gwolle_gb_3782606bc29ecb71440d1e9299ed24f0\" required \/><\/div>\n\t\t\t\t<div class=\"clearBoth\">&nbsp;<\/div>\n\t\t\t<\/div><div class=\"gwolle_gb_51c92ed1fcfdf0743b5ed4ffab9477d0\">\n\t\t\t\t<div class=\"label\"><label for=\"gwolle_gb_51c92ed1fcfdf0743b5ed4ffab9477d0\" class=\"text-info\">Website<\/label><\/div>\n\t\t\t\t<div class=\"input\"><input class=\"gwolle_gb_51c92ed1fcfdf0743b5ed4ffab9477d0\" value=\"\" type=\"url\" name=\"gwolle_gb_51c92ed1fcfdf0743b5ed4ffab9477d0\" \/><\/div>\n\t\t\t\t<div class=\"clearBoth\">&nbsp;<\/div>\n\t\t\t<\/div>\n\t\t\t<div class=\"gwolle_gb_a1117c66498feec7bb163a83f36e0514\" style=\"display:none;\">\n\t\t\t\t<div class=\"label\">\n\t\t\t\t\t<label for=\"gwolle_gb_a1117c66498feec7bb163a83f36e0514\" class=\"text-primary\">Hier nichts eingeben<\/label>\n\t\t\t\t\t<label for=\"gwolle_gb_a556e590617067faea83160ee525efe5\" class=\"text-primary\">Hier nichts eingeben<\/label>\n\t\t\t\t<\/div>\n\t\t\t\t<div class=\"input\">\n\t\t\t\t\t<input value=\"31\" type=\"text\" name=\"gwolle_gb_a1117c66498feec7bb163a83f36e0514\" class=\"gwolle_gb_a1117c66498feec7bb163a83f36e0514\" \/>\n\t\t\t\t\t<input value=\"\" type=\"text\" name=\"gwolle_gb_a556e590617067faea83160ee525efe5\" class=\"gwolle_gb_a556e590617067faea83160ee525efe5\" \/>\n\t\t\t\t<\/div>\n\t\t\t\t<div class=\"clearBoth\"><\/div>\n\t\t\t<\/div>\n\t\t\t<div class=\"gwolle_gb_990f437a7df807119e5fbcd30bf2935d\" style=\"display:none;\">\n\t\t\t\t<div class=\"label\">\n\t\t\t\t\t<label for=\"gwolle_gb_990f437a7df807119e5fbcd30bf2935d\" class=\"text-primary\">Hier nichts eingeben<\/label>\n\t\t\t\t\t<label for=\"gwolle_gb_f39e05de2004c265668b9b6fb1bb4a70\" class=\"text-primary\">Hier nichts eingeben<\/label>\n\t\t\t\t<\/div>\n\t\t\t\t<div class=\"input\">\n\t\t\t\t\t<input value=\"2144\" type=\"text\" name=\"gwolle_gb_990f437a7df807119e5fbcd30bf2935d\" class=\"gwolle_gb_990f437a7df807119e5fbcd30bf2935d\" \/>\n\t\t\t\t\t<input value=\"2144\" type=\"text\" name=\"gwolle_gb_f39e05de2004c265668b9b6fb1bb4a70\" class=\"gwolle_gb_f39e05de2004c265668b9b6fb1bb4a70\" \/>\n\t\t\t\t<\/div>\n\t\t\t\t<div class=\"clearBoth\"><\/div>\n\t\t\t<\/div><div class=\"gwolle_gb_content\">\n\t\t\t\t<div class=\"label\"><label for=\"gwolle_gb_content\" class=\"text-info\">G\u00e4stebucheintrag <span class=\"required\">*<\/span><\/label><\/div>\n\t\t\t\t<div class=\"input\"><textarea name=\"gwolle_gb_content\" class=\"gwolle_gb_content wp-exclude-emoji\" required ><\/textarea><\/div>\n\t\t\t\t\t<div class=\"clearBoth\">&nbsp;<\/div>\n\t\t\t\t<\/div><input type=\"hidden\" class=\"gwolle_gb_6aaaf2c3f95b586d613c6fcafc40930e\" name=\"gwolle_gb_6aaaf2c3f95b586d613c6fcafc40930e\" value=\"30c80c49e9\" \/>\n\t\t\t<div class=\"gwolle_gb_messages_bottom_container\"><\/div>\n\n\t\t\t<noscript><div class=\"no-js\">Warning: This form can only be used if JavaScript is enabled in your browser.<\/div><\/noscript>\n\n\t\t\t<div class=\"gwolle_gb_submit\">\n\t\t\t\t<div class=\"label gwolle-gb-invisible text-muted\">&nbsp;<\/div>\n\t\t\t\t<div class=\"input\">\n\t\t\t\t\t<input type=\"submit\" name=\"gwolle_gb_submit\" class=\"gwolle_gb_submit button btn btn-primary \" value=\"Absenden\" \/>\n\t\t\t\t\t<span class=\"gwolle_gb_submit_ajax_icon\"><\/span>\n\t\t\t\n\t\t\t\t<\/div>\n\t\t\t\t<div class=\"clearBoth\">&nbsp;<\/div>\n\t\t\t<\/div>\n\n\t\t\t<div class=\"gwolle_gb_notice\">\n\t\t\t\tFields marked with * are obligatory.<br \/>\r\nYour E-mail address wil not be published.<br \/>\r\nFor security reasons we save the ip address 216.73.216.142.<br \/>\r\nIt might be that your entry will only be visible in the guestbook after we reviewed it.<br \/>\r\nWe reserve our right to edit, delete, or not publish entries.\n\t\t\t<\/div><\/form><div class=\"gwolle-gb-read gwolle-gb-ajax gwolle-gb-entries-list\" data-book_id=\"1\" data-page_id=\"1\">\n\t\t<div id=\"gwolle-gb-total\" class=\"gwolle-gb-total\">2 Eintr\u00e4ge<\/div><!-- Gwolle-GB Entry: Default Template Loaded -->\n\t\t\t\t<div class=\"gb-entry gb-entry_2 gb-entry-count_1 gwolle_gb_uneven gwolle-gb-uneven gwolle-gb-first\" data-entry_id=\"2\">\n\t\t\t\t<article>\n\t\t\t\t\t<div class=\"gb-author-info\">\n\t\t\t\t\t\t<span class=\"gb-author-avatar\"><img referrerpolicy=\"no-referrer\" alt='Anne Wiehe' src='https:\/\/secure.gravatar.com\/avatar\/4d1eee5fc319f2f203499c5885c44112?s=32&#038;d=mm&#038;r=g' srcset='https:\/\/secure.gravatar.com\/avatar\/4d1eee5fc319f2f203499c5885c44112?s=64&#038;d=mm&#038;r=g 2x' class='avatar avatar-32 photo' height='32' width='32' loading='lazy' decoding='async'\/><\/span>\n\t\t\t\t\t\t<span class=\"gb-author-name\">Anne Wiehe\n\t\t\t\t\t\t<\/span>\n\t\t\t\t\t\t<span class=\"gb-author-origin\">\n\t\t\t\t\t\t\t<span class=\"gb-author-origin-from-text\"> aus<\/span>\n\t\t\t\t\t\t\t<span class=\"gb-author-origin-text\"> Gardelegen OT Jeseritz<\/span>\n\t\t\t\t\t\t<\/span>\n\t\t\t\t\t\t<span class=\"gb-datetime\">\n\t\t\t\t\t\t\t<span class=\"gb-date\"><span class=\"gb-date-wrote-text\"> schrieb am<\/span><span class=\"gb-date-text\"> 7. Oktober 2020<\/span>\n\t\t\t\t\t\t\t<\/span><span class=\"gb-time\">\n\t\t\t\t\t\t\t\t\t<span class=\"gb-time-at-text\"> um<\/span>\n\t\t\t\t\t\t\t\t\t<span class=\"gb-time-text\"> 19:33<\/span>\n\t\t\t\t\t\t\t\t<\/span>\n\t\t\t\t\t\t<\/span> \n\t\t\t\t\t<\/div>\n\t\t\t\t\t<div class=\"gb-entry-content\">Hallo liebe Familie Kr\u00fcger!\nWir haben jetzt schon 3 mal bei Ihnen den Urlaub verbracht! Wir kommen immer wieder gern zu Ihnen. Die Liebe zum Detail macht es aus, dass wir immer wieder gern bei Ihnen buchen. Wir finden alles, was wir f\u00fcr den Urlaub brauchen. Man kann sich sehr gut entspannen und erholen vom stressigen Alltag! Auch unsere kleine H\u00fcndin hat genug Platz zum toben und schn\u00fcfeln und freut sich auch jedesmal auf Ihren Besuch! Die Gastfreundschaft und Freundlichkeit wird bei Ihnen sehr gro\u00df geschrieben. Auf hoffentlich weitere sch\u00f6ne Jahre in Ihrem Ferienhaus! Liebe Gr\u00fc\u00dfe Familie Wiehe\n\t\t\t\t\t<\/div>\n\t\t\t\t<\/article>\n\t\t\t<\/div>\n\t\t\t<div class=\"gb-entry gb-entry_1 gb-entry-count_2 gwolle_gb_even gwolle-gb-even\" data-entry_id=\"1\">\n\t\t\t\t<article>\n\t\t\t\t\t<div class=\"gb-author-info\">\n\t\t\t\t\t\t<span class=\"gb-author-avatar\"><img referrerpolicy=\"no-referrer\" alt='Robert Karpinski' src='https:\/\/secure.gravatar.com\/avatar\/572b4d51c0f36e9a83de663cb029e0ef?s=32&#038;d=mm&#038;r=g' srcset='https:\/\/secure.gravatar.com\/avatar\/572b4d51c0f36e9a83de663cb029e0ef?s=64&#038;d=mm&#038;r=g 2x' class='avatar avatar-32 photo' height='32' width='32' loading='lazy' decoding='async'\/><\/span>\n\t\t\t\t\t\t<span class=\"gb-author-name\">Robert Karpinski\n\t\t\t\t\t\t<\/span>\n\t\t\t\t\t\t<span class=\"gb-author-origin\">\n\t\t\t\t\t\t\t<span class=\"gb-author-origin-from-text\"> aus<\/span>\n\t\t\t\t\t\t\t<span class=\"gb-author-origin-text\"> Montabaur<\/span>\n\t\t\t\t\t\t<\/span>\n\t\t\t\t\t\t<span class=\"gb-datetime\">\n\t\t\t\t\t\t\t<span class=\"gb-date\"><span class=\"gb-date-wrote-text\"> schrieb am<\/span><span class=\"gb-date-text\"> 1. Juli 2016<\/span>\n\t\t\t\t\t\t\t<\/span><span class=\"gb-time\">\n\t\t\t\t\t\t\t\t\t<span class=\"gb-time-at-text\"> um<\/span>\n\t\t\t\t\t\t\t\t\t<span class=\"gb-time-text\"> 7:50<\/span>\n\t\t\t\t\t\t\t\t<\/span>\n\t\t\t\t\t\t<\/span> \n\t\t\t\t\t<\/div>\n\t\t\t\t\t<div class=\"gb-entry-content\">Vielen Dank f\u00fcr die Gastfreundlichkeit. Das Ferienhaus ist wirklich sehr sch\u00f6n und wir haben uns sehr wohl gef\u00fchlt. Super Ausgestattetes Ferienhaus an dem nichts fehlt. Einzig ein Sonnenschirm f\u00fcr den Garten w\u00e4re noch von Vorteil gewesen. Die N\u00e4he zum L\u00fcbbesee ist sehr vorteilhaft zum Baden und auch sonst ist alles in der N\u00e4he was man braucht. Wir kommen gerne wieder zur\u00fcck um bei Ihnen Urlaub zu machen.\r\n\r\nLiebe Gr\u00fc\u00dfe\n\t\t\t\t\t<\/div>\n\t\t\t\t<\/article>\n\t\t\t<\/div>\n\t\t\t<\/div><\/div>\n","protected":false},"excerpt":{"rendered":"<p>Sie haben uns in letzter Zeit besucht? Bitte schreiben Sie einen kurzen Eintrag in unser G\u00e4stebuch und teilen Sie ihren Eindruck mit uns!<\/p>\n","protected":false},"author":1,"featured_media":0,"parent":0,"menu_order":0,"comment_status":"closed","ping_status":"closed","template":"","meta":[],"aioseo_notices":[],"_links":{"self":[{"href":"https:\/\/ferienhaus-krueger-templin.de\/new\/wp\/wp-json\/wp\/v2\/pages\/33"}],"collection":[{"href":"https:\/\/ferienhaus-krueger-templin.de\/new\/wp\/wp-json\/wp\/v2\/pages"}],"about":[{"href":"https:\/\/ferienhaus-krueger-templin.de\/new\/wp\/wp-json\/wp\/v2\/types\/page"}],"author":[{"embeddable":true,"href":"https:\/\/ferienhaus-krueger-templin.de\/new\/wp\/wp-json\/wp\/v2\/users\/1"}],"replies":[{"embeddable":true,"href":"https:\/\/ferienhaus-krueger-templin.de\/new\/wp\/wp-json\/wp\/v2\/comments?post=33"}],"version-history":[{"count":3,"href":"https:\/\/ferienhaus-krueger-templin.de\/new\/wp\/wp-json\/wp\/v2\/pages\/33\/revisions"}],"predecessor-version":[{"id":37,"href":"https:\/\/ferienhaus-krueger-templin.de\/new\/wp\/wp-json\/wp\/v2\/pages\/33\/revisions\/37"}],"wp:attachment":[{"href":"https:\/\/ferienhaus-krueger-templin.de\/new\/wp\/wp-json\/wp\/v2\/media?parent=33"}],"curies":[{"name":"wp","href":"https:\/\/api.w.org\/{rel}","templated":true}]}}